{"id":125,"date":"2012-03-18T14:35:42","date_gmt":"2012-03-18T14:35:42","guid":{"rendered":"http:\/\/miksam.com\/jussi\/?page_id=125"},"modified":"2024-01-02T18:15:56","modified_gmt":"2024-01-02T18:15:56","slug":"puutyo","status":"publish","type":"page","link":"https:\/\/kyminnikkarit.fi\/?page_id=125","title":{"rendered":"Puuty\u00f6"},"content":{"rendered":"<h3><strong>Nikkarin puuty\u00f6pajan<\/strong> ajatus on, ett\u00e4 j\u00e4senet voivat askarrella omaehtoisesti haluamiaan t\u00f6it\u00e4. Puuty\u00f6pajalla tehd\u00e4\u00e4nkin paljon pieni\u00e4 koristet\u00f6it\u00e4 , huonekaluja sek\u00e4 ovia ja ikkunoita. Puuty\u00f6pajan kone kanta on hyv\u00e4 ja toimitila on noin 240 nelj\u00f6\u00e4 ja noin 12 askartelijaa kerrallaan sopii hyvin. Puuty\u00f6pajalle ei ole vuoroj\u00e4rjestelm\u00e4\u00e4 vaan askartelun voi aloittaan tilanteen mukaan. Puuty\u00f6pajalla on aukioloaikoina ohjaaja, jonka puoleen voi k\u00e4\u00e4nty\u00e4 ongelmatilanteissa. Lis\u00e4ksi kerholaisissa on puuseppi\u00e4 ja alan ammattilaisia sek\u00e4 pitk\u00e4\u00e4 harrastaneita, joten neuvoja ja opastusta saa toisilta kerholaisilta.&nbsp; Puupajan k\u00e4ytt\u00e4j\u00e4t voi halutessaan liitty\u00e4 WhatsApp -ryhm\u00e4\u00e4n, jossa voi vaihtaa ajatuksia, kysy\u00e4 neuvoa tai vaikka myyd\u00e4 harrastukseen liittyv\u00e4\u00e4 materiaalia. Askartelijat hankkivat tarveaineet itse, mutta kerholla on myynniss\u00e4 kuivaa puutavaraa perinteisist\u00e4 m\u00e4nnyst\u00e4 ja koivusta aina harvinaisempiin jalopuihin. Lis\u00e4ksi meill\u00e4 on yhteisty\u00f6sopimuksia muutamien puutavaraliikkeiden kesken. Puuty\u00f6pajalla on myynniss\u00e4 my\u00f6s hyv\u00e4\u00e4 kuivaa kutterinpurua. Tervetuloa tutustumaan.<\/h3>\n<p><a href=\"https:\/\/kyminnikkarit.fi\/wp-content\/uploads\/2012\/03\/turv.jpg\"><img loading=\"lazy\" decoding=\"async\" class=\"alignleft wp-image-2088\" src=\"https:\/\/kyminnikkarit.fi\/wp-content\/uploads\/2012\/03\/turv-218x300.jpg\" alt=\"turv\" width=\"180\" height=\"248\" srcset=\"https:\/\/kyminnikkarit.fi\/wp-content\/uploads\/2012\/03\/turv-218x300.jpg 218w, https:\/\/kyminnikkarit.fi\/wp-content\/uploads\/2012\/03\/turv-768x1055.jpg 768w, https:\/\/kyminnikkarit.fi\/wp-content\/uploads\/2012\/03\/turv-745x1024.jpg 745w, https:\/\/kyminnikkarit.fi\/wp-content\/uploads\/2012\/03\/turv.jpg 800w\" sizes=\"auto, (max-width: 180px) 85vw, 180px\" \/><\/a>Olemme panostaneet ty\u00f6turvallisuuteen ja oikea oppiseen ty\u00f6skentelyyn ja aina uudet askartelijat perehdytet\u00e4\u00e4n koneisiin ja laitteisiin. Syyskaudella 2010 otimme k\u00e4ytt\u00f6\u00f6n j\u00e4tteiden lajittelun.&nbsp; Askartelijoiden velvollisuuksiin kuuluu tietenkin paikkojen puhtaana pito ja jokainen huolehtii omalta osaltaan siisteydest\u00e4. Lis\u00e4ksi kerho j\u00e4rjest\u00e4\u00e4 harrastukseen liittyv\u00e4\u00e4 koulutusta ja kursseja. Hyv\u00e4n harrastuksen lis\u00e4ksi kerho tarjoaa hyv\u00e4\u00e4 sosiaalista kanssa k\u00e4ymist\u00e4.<\/p>\n<p>Puuty\u00f6pajan ohjaajatoiminta py\u00f6rii vapaaehtoisuuden pohjalta. Puuty\u00f6pajalla on 14 ohjaajaa, joiden ty\u00f6panoksen my\u00f6t\u00e4 aukioloajat voidaan pit\u00e4\u00e4 t\u00e4ss\u00e4 laajuudessa. Joukossa on pitk\u00e4\u00e4n puuty\u00f6harrastuksen parissa toimineita ja osaamista l\u00f6ytyy niin metalli kuin s\u00e4hk\u00f6 alueelta, joten koneiden kunnossapito hoituu pitk\u00e4lti omin voimin. Ohjaajat valitsevat vapaasti vuorot ja lista vuorossa olevasta ohjaajasta on n\u00e4ht\u00e4viss\u00e4 puuty\u00f6pajan ilmoitustaululla.<\/p>\n<p>Ohjaajien teht\u00e4v\u00e4 on perehdytt\u00e4\u00e4 uudet askartelijat ja opastaa koneiden ja laitteiden k\u00e4yt\u00f6ss\u00e4.&nbsp; Uusille askartelijoille pid\u00e4mme halutessa henkil\u00f6kohtaisen perehdytys p\u00e4iv\u00e4n. Valvoa k\u00e4ytett\u00e4v\u00e4n puutavaran laatua ja huolehtia laitteiden kunnosta. Ohjaajat pit\u00e4v\u00e4t kirjaa puuty\u00f6pajan k\u00e4ytt\u00e4jist\u00e4 sek\u00e4 laitteista ja huolehtivat puunmyynnist\u00e4. Valvovat yleisest\u00e4 j\u00e4rjestyst\u00e4 ty\u00f6pajalla ja ty\u00f6turvallisuuden noudattamista mahdollisuuksien mukaan, vaikka jokainen toimiikin omalla vastuulla. Ohjaajille on annettu ensiapu opastusta tapaturmien varalle.<\/p>\n<h5><span style=\"color: #ffffff;\">Pajan koneet<\/span><\/h5>\n<p>Konekanta rakentuu perinteisist\u00e4 puunty\u00f6st\u00f6koneista.&nbsp; Konekantaa pyrit\u00e4\u00e4n uusimaan mahdollisuuksien mukaan muistaen kuitenkin, ett\u00e4 kyseess\u00e4 on harrastetila.&nbsp;<\/p>\n<p><a href=\"https:\/\/kyminnikkarit.fi\/wp-content\/uploads\/2024\/01\/IMG_9252-scaled.jpeg\"><img loading=\"lazy\" decoding=\"async\" class=\"alignright size-medium wp-image-4420\" src=\"https:\/\/kyminnikkarit.fi\/wp-content\/uploads\/2024\/01\/IMG_9252-300x259.jpeg\" alt=\"\" width=\"300\" height=\"259\" srcset=\"https:\/\/kyminnikkarit.fi\/wp-content\/uploads\/2024\/01\/IMG_9252-300x259.jpeg 300w, https:\/\/kyminnikkarit.fi\/wp-content\/uploads\/2024\/01\/IMG_9252-1024x883.jpeg 1024w, https:\/\/kyminnikkarit.fi\/wp-content\/uploads\/2024\/01\/IMG_9252-768x663.jpeg 768w, https:\/\/kyminnikkarit.fi\/wp-content\/uploads\/2024\/01\/IMG_9252-1536x1325.jpeg 1536w, https:\/\/kyminnikkarit.fi\/wp-content\/uploads\/2024\/01\/IMG_9252-2048x1767.jpeg 2048w\" sizes=\"auto, (max-width: 300px) 85vw, 300px\" \/><\/a><\/p>\n<p>Isommat koneet on vankkaa valurautaa. Ik\u00e4\u00e4 koneilla alkaa olemaan, mutta hyv\u00e4ll\u00e4 huollolla ja kunnossapidolla laitteet on kunnossa.&nbsp; Oikoh\u00f6yli\u00e4 on pari 500 ja 400 leveit\u00e4. Vuonna 2022 hankittiin Felderin 510 tasoh\u00f6yl\u00e4, jossa on spiraalikurso.<\/p>\n<p>&nbsp;<\/p>\n<p><a href=\"https:\/\/kyminnikkarit.fi\/wp-content\/uploads\/2024\/01\/IMG_9253-scaled.jpeg\"><img loading=\"lazy\" decoding=\"async\" class=\"size-medium wp-image-4421 alignleft\" src=\"https:\/\/kyminnikkarit.fi\/wp-content\/uploads\/2024\/01\/IMG_9253-225x300.jpeg\" alt=\"\" width=\"225\" height=\"300\" srcset=\"https:\/\/kyminnikkarit.fi\/wp-content\/uploads\/2024\/01\/IMG_9253-225x300.jpeg 225w, https:\/\/kyminnikkarit.fi\/wp-content\/uploads\/2024\/01\/IMG_9253-768x1024.jpeg 768w, https:\/\/kyminnikkarit.fi\/wp-content\/uploads\/2024\/01\/IMG_9253-1152x1536.jpeg 1152w, https:\/\/kyminnikkarit.fi\/wp-content\/uploads\/2024\/01\/IMG_9253-1536x2048.jpeg 1536w, https:\/\/kyminnikkarit.fi\/wp-content\/uploads\/2024\/01\/IMG_9253-scaled.jpeg 1920w\" sizes=\"auto, (max-width: 225px) 85vw, 225px\" \/><\/a><\/p>\n<p>&nbsp;<\/p>\n<p>Vannesahoja on pari . Record&nbsp; Sabre 350 on hankittu 2022&nbsp; ja on n\u00e4pp\u00e4r\u00e4 saha pieniin t\u00f6ihin . Isompi Heman&nbsp; vannesaha, jonka kita leveys on 600, halkeaa isompikin puu. Mankon perinteinen tapituskone ja sorveja l\u00f6ytyy kolme sek\u00e4 pari pylv\u00e4sporaa .<\/p>\n<p>&nbsp;<\/p>\n<p><a href=\"https:\/\/kyminnikkarit.fi\/wp-content\/uploads\/2024\/01\/IMG_4329-scaled.jpg\"><img loading=\"lazy\" decoding=\"async\" class=\"size-large wp-image-4422 aligncenter\" src=\"https:\/\/kyminnikkarit.fi\/wp-content\/uploads\/2024\/01\/IMG_4329-1024x768.jpg\" alt=\"\" width=\"525\" height=\"394\" srcset=\"https:\/\/kyminnikkarit.fi\/wp-content\/uploads\/2024\/01\/IMG_4329-1024x768.jpg 1024w, https:\/\/kyminnikkarit.fi\/wp-content\/uploads\/2024\/01\/IMG_4329-300x225.jpg 300w, https:\/\/kyminnikkarit.fi\/wp-content\/uploads\/2024\/01\/IMG_4329-768x576.jpg 768w, https:\/\/kyminnikkarit.fi\/wp-content\/uploads\/2024\/01\/IMG_4329-1536x1152.jpg 1536w, https:\/\/kyminnikkarit.fi\/wp-content\/uploads\/2024\/01\/IMG_4329-2048x1536.jpg 2048w\" sizes=\"auto, (max-width: 525px) 85vw, 525px\" \/><\/a><\/p>\n<p>Kev\u00e4\u00e4ll\u00e4&nbsp; 2021 hankittiin uusi sirkkeli Hammer K3 Winner. Liukup\u00f6yt\u00e4 2000, 800 halkaisup\u00f6yt\u00e4 sek\u00e4 ter\u00e4 315. Koneen apusivup\u00f6yt\u00e4 mahdollistaa tarkat kulmasahaukset. Pajalla on my\u00f6s pieni sirkkeli sek\u00e4 pari kaappasahaa.<\/p>\n<p><a href=\"https:\/\/kyminnikkarit.fi\/wp-content\/uploads\/2021\/08\/IMG_4450.jpg\"><img loading=\"lazy\" decoding=\"async\" class=\"alignright wp-image-3738\" src=\"https:\/\/kyminnikkarit.fi\/wp-content\/uploads\/2021\/08\/IMG_4450-150x150.jpg\" alt=\"\" width=\"220\" height=\"167\" srcset=\"https:\/\/kyminnikkarit.fi\/wp-content\/uploads\/2021\/08\/IMG_4450-300x228.jpg 300w, https:\/\/kyminnikkarit.fi\/wp-content\/uploads\/2021\/08\/IMG_4450-768x583.jpg 768w, https:\/\/kyminnikkarit.fi\/wp-content\/uploads\/2021\/08\/IMG_4450-1024x778.jpg 1024w, https:\/\/kyminnikkarit.fi\/wp-content\/uploads\/2021\/08\/IMG_4450-1200x911.jpg 1200w, https:\/\/kyminnikkarit.fi\/wp-content\/uploads\/2021\/08\/IMG_4450.jpg 1600w\" sizes=\"auto, (max-width: 220px) 85vw, 220px\" \/><\/a>Hiomakoneita l\u00f6ytyy oskiloiva tappihiomakone, isompi lautashiomakone, nauhahiomakone sek\u00e4 rumpuhiomakone. Kone on kahdella rummulla ja leveytt\u00e4 630mm.<\/p>\n<p>Pienkoneita l\u00f6ytyy moneen l\u00e4ht\u00f6\u00f6n. Uusinnoissa olemme luottanut Festool laatuun. L\u00f6ytyy Domino-tapitusta sek\u00e4 p\u00f6yt\u00e4jyrsint\u00e4 ja ruuvinv\u00e4\u00e4nnint\u00e4 ja hiomakonetta.<\/p>\n<p><a href=\"https:\/\/kyminnikkarit.fi\/wp-content\/uploads\/2021\/08\/IMG_4445.jpg\"><img loading=\"lazy\" decoding=\"async\" class=\"alignleft wp-image-3739 size-large\" src=\"https:\/\/kyminnikkarit.fi\/wp-content\/uploads\/2021\/08\/IMG_4445-1024x550.jpg\" alt=\"\" width=\"525\" height=\"282\" srcset=\"https:\/\/kyminnikkarit.fi\/wp-content\/uploads\/2021\/08\/IMG_4445-1024x550.jpg 1024w, https:\/\/kyminnikkarit.fi\/wp-content\/uploads\/2021\/08\/IMG_4445-300x161.jpg 300w, https:\/\/kyminnikkarit.fi\/wp-content\/uploads\/2021\/08\/IMG_4445-768x413.jpg 768w, https:\/\/kyminnikkarit.fi\/wp-content\/uploads\/2021\/08\/IMG_4445-1200x645.jpg 1200w, https:\/\/kyminnikkarit.fi\/wp-content\/uploads\/2021\/08\/IMG_4445.jpg 1600w\" sizes=\"auto, (max-width: 525px) 85vw, 525px\" \/><\/a><\/p>\n<p>Eli melko mittava ja laadukas laitekanta on tarjolla j\u00e4senille puun ty\u00f6st\u00f6\u00f6n.<\/p>\n<p>Tervetuloa nikkaroimaan .<\/p>\n<p>&nbsp;<\/p>\n<p>&nbsp;<\/p>\n<p>&nbsp;<\/p>\n<p>&nbsp;<\/p>\n<p>&nbsp;<\/p>\n<p>&nbsp;<\/p>\n<p><strong><span style=\"color: #000000;\">Nikkarin ohjaajat&nbsp;&nbsp;&nbsp;&nbsp;&nbsp;&nbsp;&nbsp;&nbsp;&nbsp;&nbsp;&nbsp;&nbsp;&nbsp;&nbsp;&nbsp;&nbsp;&nbsp;&nbsp;&nbsp;&nbsp;&nbsp;&nbsp;&nbsp;&nbsp; <\/span><\/strong><\/p>\n<p><span style=\"color: #000000;\">Raimo M\u00e4kinen,&nbsp; &nbsp; &nbsp; &nbsp; &nbsp; &nbsp; &nbsp; &nbsp; &nbsp; &nbsp; &nbsp; &nbsp; &nbsp; &nbsp; 040 556 8120<\/span><\/p>\n<p><span style=\"color: #000000;\">Lasse Mykr\u00e4, &nbsp;&nbsp;&nbsp;&nbsp;&nbsp;&nbsp;&nbsp;&nbsp;&nbsp;&nbsp;&nbsp;&nbsp;&nbsp;&nbsp;&nbsp;&nbsp;&nbsp;&nbsp;&nbsp;&nbsp;&nbsp;&nbsp;&nbsp;&nbsp;&nbsp;&nbsp;&nbsp;&nbsp;&nbsp;&nbsp;&nbsp;&nbsp;&nbsp; 040&nbsp;820 6700<\/span><\/p>\n<p><span style=\"color: #000000;\">Jorma M\u00e4kel\u00e4&nbsp;&nbsp;&nbsp;&nbsp;&nbsp;&nbsp;&nbsp;&nbsp;&nbsp;&nbsp;&nbsp;&nbsp;&nbsp;&nbsp;&nbsp;&nbsp;&nbsp;&nbsp;&nbsp;&nbsp;&nbsp;&nbsp;&nbsp;&nbsp;&nbsp;&nbsp;&nbsp;&nbsp;&nbsp;&nbsp;&nbsp;&nbsp;&nbsp;&nbsp;040 733 4052<\/span><\/p>\n<p><span style=\"color: #000000;\">Juhani Haapala&nbsp;&nbsp;&nbsp;&nbsp;&nbsp;&nbsp;&nbsp;&nbsp;&nbsp;&nbsp;&nbsp;&nbsp;&nbsp;&nbsp;&nbsp;&nbsp;&nbsp;&nbsp;&nbsp;&nbsp;&nbsp;&nbsp;&nbsp;&nbsp;&nbsp;&nbsp;&nbsp;&nbsp;&nbsp;&nbsp;&nbsp;&nbsp; 040507 2196<\/span><\/p>\n<p><span style=\"color: #000000;\">Lauri Mattila&nbsp;&nbsp;&nbsp;&nbsp;&nbsp;&nbsp;&nbsp;&nbsp;&nbsp;&nbsp;&nbsp;&nbsp;&nbsp;&nbsp;&nbsp;&nbsp;&nbsp;&nbsp; &nbsp;&nbsp;&nbsp;&nbsp;&nbsp;&nbsp;&nbsp;&nbsp;&nbsp;&nbsp;&nbsp;&nbsp;&nbsp;&nbsp;&nbsp;&nbsp; 040&nbsp;839 3724 <\/span><\/p>\n<p><span style=\"color: #000000;\">Pentti Turunen&nbsp;&nbsp;&nbsp;&nbsp;&nbsp;&nbsp;&nbsp;&nbsp;&nbsp;&nbsp;&nbsp;&nbsp;&nbsp;&nbsp;&nbsp;&nbsp;&nbsp;&nbsp;&nbsp;&nbsp;&nbsp;&nbsp;&nbsp;&nbsp;&nbsp;&nbsp;&nbsp;&nbsp;&nbsp;&nbsp;&nbsp;&nbsp;040&nbsp;507 7341<\/span><\/p>\n<p><span style=\"color: #000000;\">Reijo Kyt\u00f6m\u00e4ki&nbsp;&nbsp;&nbsp;&nbsp;&nbsp;&nbsp;&nbsp;&nbsp;&nbsp;&nbsp;&nbsp;&nbsp;&nbsp;&nbsp;&nbsp;&nbsp;&nbsp;&nbsp;&nbsp;&nbsp;&nbsp;&nbsp;&nbsp;&nbsp;&nbsp;&nbsp;&nbsp;&nbsp;&nbsp;&nbsp;&nbsp;040&nbsp;524 0204<\/span><\/p>\n<p><span style=\"color: #000000;\">Anssi P\u00e4lvisalo&nbsp; &nbsp; &nbsp; &nbsp; &nbsp; &nbsp; &nbsp; &nbsp; &nbsp; &nbsp; &nbsp; &nbsp; &nbsp; &nbsp; &nbsp; &nbsp;040 513 5105 <\/span><\/p>\n<p><span style=\"color: #000000;\">Erkki Kousa&nbsp; &nbsp; &nbsp; &nbsp; &nbsp; &nbsp; &nbsp; &nbsp; &nbsp; &nbsp; &nbsp; &nbsp; &nbsp; &nbsp; &nbsp; &nbsp; &nbsp; &nbsp; &nbsp;040 530 3954<\/span><\/p>\n<p><span style=\"color: #000000;\">Martti Mellanen&nbsp; &nbsp; &nbsp; &nbsp; &nbsp; &nbsp; &nbsp; &nbsp; &nbsp; &nbsp; &nbsp; &nbsp; &nbsp; &nbsp; 040 540 0190<\/span><\/p>\n<p><span style=\"color: #000000;\">Matti Remes&nbsp;&nbsp;&nbsp;&nbsp;&nbsp;&nbsp;&nbsp;&nbsp;&nbsp;&nbsp;&nbsp;&nbsp;&nbsp;&nbsp;&nbsp;&nbsp;&nbsp; &nbsp;&nbsp;&nbsp;&nbsp;&nbsp;&nbsp;&nbsp;&nbsp;&nbsp;&nbsp;&nbsp;&nbsp;&nbsp;&nbsp;&nbsp;&nbsp; 040&nbsp;528 1053<\/span><\/p>\n<p><span style=\"color: #000000;\">Hannu Virtanen&nbsp; &nbsp; &nbsp; &nbsp; &nbsp; &nbsp; &nbsp; &nbsp; &nbsp; &nbsp; &nbsp; &nbsp; &nbsp; &nbsp; 040 514 6810<\/span><\/p>\n<p><span style=\"color: #000000;\">Pekka P\u00f6ys\u00e4&nbsp; &nbsp; &nbsp; &nbsp; &nbsp; &nbsp; &nbsp; &nbsp; &nbsp; &nbsp; &nbsp; &nbsp; &nbsp; &nbsp; &nbsp; &nbsp; &nbsp; 040 584 4307<\/span><\/p>\n","protected":false},"excerpt":{"rendered":"<p>Nikkarin puuty\u00f6pajan ajatus on, ett\u00e4 j\u00e4senet voivat askarrella omaehtoisesti haluamiaan t\u00f6it\u00e4. Puuty\u00f6pajalla tehd\u00e4\u00e4nkin paljon pieni\u00e4 koristet\u00f6it\u00e4 , huonekaluja sek\u00e4 ovia ja ikkunoita. Puuty\u00f6pajan kone kanta on hyv\u00e4 ja toimitila on noin 240 nelj\u00f6\u00e4 ja noin 12 askartelijaa kerrallaan sopii hyvin. Puuty\u00f6pajalle ei ole vuoroj\u00e4rjestelm\u00e4\u00e4 vaan askartelun voi aloittaan tilanteen mukaan. Puuty\u00f6pajalla on aukioloaikoina ohjaaja, jonka &hellip; <a href=\"https:\/\/kyminnikkarit.fi\/?page_id=125\" class=\"more-link\">Jatka lukemista<span class=\"screen-reader-text\"> &#8221;Puuty\u00f6&#8221;<\/span><\/a><\/p>\n","protected":false},"author":1,"featured_media":0,"parent":0,"menu_order":2,"comment_status":"closed","ping_status":"closed","template":"","meta":{"footnotes":""},"class_list":["post-125","page","type-page","status-publish","hentry"],"_links":{"self":[{"href":"https:\/\/kyminnikkarit.fi\/index.php?rest_route=\/wp\/v2\/pages\/125","targetHints":{"allow":["GET"]}}],"collection":[{"href":"https:\/\/kyminnikkarit.fi\/index.php?rest_route=\/wp\/v2\/pages"}],"about":[{"href":"https:\/\/kyminnikkarit.fi\/index.php?rest_route=\/wp\/v2\/types\/page"}],"author":[{"embeddable":true,"href":"https:\/\/kyminnikkarit.fi\/index.php?rest_route=\/wp\/v2\/users\/1"}],"replies":[{"embeddable":true,"href":"https:\/\/kyminnikkarit.fi\/index.php?rest_route=%2Fwp%2Fv2%2Fcomments&post=125"}],"version-history":[{"count":28,"href":"https:\/\/kyminnikkarit.fi\/index.php?rest_route=\/wp\/v2\/pages\/125\/revisions"}],"predecessor-version":[{"id":4425,"href":"https:\/\/kyminnikkarit.fi\/index.php?rest_route=\/wp\/v2\/pages\/125\/revisions\/4425"}],"wp:attachment":[{"href":"https:\/\/kyminnikkarit.fi\/index.php?rest_route=%2Fwp%2Fv2%2Fmedia&parent=125"}],"curies":[{"name":"wp","href":"https:\/\/api.w.org\/{rel}","templated":true}]}}