{"id":15,"date":"2012-03-11T21:45:01","date_gmt":"2012-03-11T21:45:01","guid":{"rendered":"http:\/\/miksam.com\/jussi\/?page_id=15"},"modified":"2024-03-17T20:00:07","modified_gmt":"2024-03-17T20:00:07","slug":"kymin-nikkarit","status":"publish","type":"page","link":"https:\/\/kyminnikkarit.fi\/?page_id=15","title":{"rendered":"Kymin Nikkarit"},"content":{"rendered":"<div id=\"content-container-107677\">\n<div id=\"content-text-107677\">\n<p><strong><em>Kymin Nikkarit ry. on perustettu 2009 jatkamaan Kymin ja Voikkaan tehtaiden piiriss\u00e4 ollutta harrastetoimintaa ja on nyt avoin yleishy\u00f6dyllinen yhteis\u00f6 kaikille k\u00e4dentaidoista ja kulttuurista kiinnostuneille.<\/em><\/strong><\/p>\n<p><em>Yhdistyksen toimintaa tukee Kymin Osakeyhti\u00f6n 100-vuotiss\u00e4\u00e4ti\u00f6. Kymin Nikkareiden toiminta rakentuu kulttuurin ja k\u00e4dentaitojen ymp\u00e4rille. Monipuolisella ja aktiivisella toiminnalla pyrimme tavoittamaan koko j\u00e4senist\u00f6n. Harrastetoimintaa tuetaan erilaisilla tapahtumilla ja koulutuksilla.<\/em><\/p>\n<p style=\"text-align: center;\"><em>Korostamme k\u00e4dentaitojen merkityst\u00e4 sek\u00e4 monipuolista virkistystoimintaa ja sit\u00e4 kautta&nbsp;&nbsp; <\/em><em>pyrimme parantamaan j\u00e4senist\u00f6n hyvinvointia ja vireytt\u00e4. <\/em><\/p>\n<p style=\"text-align: left;\"><em>Meille k\u00e4dentaidot on mieluinen harrastus ja uuden oppimista.<\/em><em>&nbsp;<\/em><\/p>\n<ul>\n<li><em>K\u00e4si ja ty\u00f6 \u2013 niiden yhdistyminen k\u00e4sity\u00f6ksi on uuden luomista.<\/em><\/li>\n<li><em>K\u00e4dentaidot kuljettavat mukanaan tietoa, taitoa ja perinteit\u00e4, jotka siirtyv\u00e4t sukupolvelta toiselle.<\/em><\/li>\n<li><em>K\u00e4dentaitojen kautta perinteet her\u00e4\u00e4v\u00e4t uuteen el\u00e4m\u00e4\u00e4n, ehk\u00e4 uusin muodoin ja tavoin.<\/em><\/li>\n<li><em>K\u00e4dentaidot ruokkivat luovaa ajattelua ja ongelmanratkomista.<\/em><\/li>\n<li><em>K\u00e4sit\u00f6it\u00e4 tehdess\u00e4 voit luovasti toteuttaa itse\u00e4si, tuntea materiaalit ja n\u00e4hd\u00e4 ty\u00f6n tulokset.<\/em><\/li>\n<li><em>K\u00e4sill\u00e4 tekeminen on onnellista \u2013 koneeksi muuttuminen ei.<\/em><\/li>\n<\/ul>\n<p><em>Kymin Nikkarin on avoin yleishy\u00f6dyllinen yhdistys. J\u00e4seneksi p\u00e4\u00e4see t\u00e4ytt\u00e4m\u00e4ll\u00e4 hakemus.Yhdistys perii liittymismaksun uusilta j\u00e4senilt\u00e4 ja j\u00e4senmaksun vuosittain sek\u00e4 k\u00e4ytt\u00f6maksua toiminnasta. Maksut m\u00e4\u00e4ritell\u00e4\u00e4n vuosikokouksessa. <\/em><em>Jaostoja ovat puuty\u00f6, kutomo ja nukkiskerho sek\u00e4 kulttuuri. Jaostot laativat omat toimintasuunnitelmat ja toteuttavat niit\u00e4 itsen\u00e4isesti.&nbsp;<\/em><\/p>\n<p><em>Toimintamme ei rajoitu pelk\u00e4st\u00e4\u00e4n j\u00e4seniin vaan tarjoamme toimintaa laajemmin. Pyrimme aktiivisesti my\u00f6s kehitt\u00e4m\u00e4\u00e4n tallinmontun aluetta \u201d kyl\u00e4talo hengess\u00e4\u201d. Yhdistyksen\u00e4 Kymin kerho, Kymin riistamiehet, Virkamies Klubi ja Kymin Nikkarit ovat l\u00e4hell\u00e4 yhti\u00f6t\u00e4, mutta avoimia ja itsen\u00e4isi\u00e4 t\u00e4n\u00e4 p\u00e4iv\u00e4n\u00e4. Yhteisell\u00e4 toiminnalla tavoitamme l\u00e4hes tuhat ihmist\u00e4 ja toiminnan kirjo on merkitt\u00e4v\u00e4.&nbsp;<\/em><\/p>\n<p style=\"text-align: center;\"><em>Talkoo toiminta on jatkossakin yhdistyksen \u201d avainsana \u201d kaikelle toiminnalle.<\/em><\/p>\n<p><em>Yhdistyksen hallituksen muodostaa puheenjohtaja Juhani Haapala, Marja Kuisma (vara pj), Hannu Virtanen, Sinikka Valve sek\u00e4 Raimo M\u00e4kinen. Varaj\u00e4seni\u00e4 ovat Lauri Mattila, Arto Karjalainen ja Anssi P\u00e4lvisalo. Yhdistyksen sihteerin\u00e4 on Kirsi Hedstr\u00f6m ja taloudenhoitaja Jukka Suortanen. Lis\u00e4ksi hallituksen kokouksiin osallistuu jaostojen vet\u00e4j\u00e4t.<\/em><\/p>\n<p><em>Yhdistyksen tiedotus tapahtuu p\u00e4\u00e4s\u00e4\u00e4nt\u00f6isesti s\u00e4hk\u00f6postilla, mutta mik\u00e4li s\u00e4hk\u00f6postia&nbsp;ei ole k\u00e4yt\u00f6ss\u00e4, t\u00e4rke\u00e4t asiat tiedotamme my\u00f6s kirjeitse. Yhdistyksen kotisivut ja Facebook ovat ensisijaisia tiedotuskanavia.<\/em><\/p>\n<p><em>Tarkemmat tiedot puheenjohtajalta Juhani Haapala 040 507 2196 tai jussihaapala59@gmail.com<\/em><\/p>\n<\/div>\n<\/div>\n<p><em>Tervetuloa mukaan k\u00e4dentaitojen ja kulttuurin pariin.<\/em><\/p>\n<p>&nbsp;<\/p>\n","protected":false},"excerpt":{"rendered":"<p>Kymin Nikkarit ry. on perustettu 2009 jatkamaan Kymin ja Voikkaan tehtaiden piiriss\u00e4 ollutta harrastetoimintaa ja on nyt avoin yleishy\u00f6dyllinen yhteis\u00f6 kaikille k\u00e4dentaidoista ja kulttuurista kiinnostuneille. Yhdistyksen toimintaa tukee Kymin Osakeyhti\u00f6n 100-vuotiss\u00e4\u00e4ti\u00f6. Kymin Nikkareiden toiminta rakentuu kulttuurin ja k\u00e4dentaitojen ymp\u00e4rille. Monipuolisella ja aktiivisella toiminnalla pyrimme tavoittamaan koko j\u00e4senist\u00f6n. Harrastetoimintaa tuetaan erilaisilla tapahtumilla ja koulutuksilla. Korostamme k\u00e4dentaitojen &hellip; <a href=\"https:\/\/kyminnikkarit.fi\/?page_id=15\" class=\"more-link\">Jatka lukemista<span class=\"screen-reader-text\"> &#8221;Kymin Nikkarit&#8221;<\/span><\/a><\/p>\n","protected":false},"author":1,"featured_media":409,"parent":0,"menu_order":1,"comment_status":"closed","ping_status":"closed","template":"","meta":{"footnotes":""},"class_list":["post-15","page","type-page","status-publish","has-post-thumbnail","hentry"],"_links":{"self":[{"href":"https:\/\/kyminnikkarit.fi\/index.php?rest_route=\/wp\/v2\/pages\/15","targetHints":{"allow":["GET"]}}],"collection":[{"href":"https:\/\/kyminnikkarit.fi\/index.php?rest_route=\/wp\/v2\/pages"}],"about":[{"href":"https:\/\/kyminnikkarit.fi\/index.php?rest_route=\/wp\/v2\/types\/page"}],"author":[{"embeddable":true,"href":"https:\/\/kyminnikkarit.fi\/index.php?rest_route=\/wp\/v2\/users\/1"}],"replies":[{"embeddable":true,"href":"https:\/\/kyminnikkarit.fi\/index.php?rest_route=%2Fwp%2Fv2%2Fcomments&post=15"}],"version-history":[{"count":40,"href":"https:\/\/kyminnikkarit.fi\/index.php?rest_route=\/wp\/v2\/pages\/15\/revisions"}],"predecessor-version":[{"id":4490,"href":"https:\/\/kyminnikkarit.fi\/index.php?rest_route=\/wp\/v2\/pages\/15\/revisions\/4490"}],"wp:featuredmedia":[{"embeddable":true,"href":"https:\/\/kyminnikkarit.fi\/index.php?rest_route=\/wp\/v2\/media\/409"}],"wp:attachment":[{"href":"https:\/\/kyminnikkarit.fi\/index.php?rest_route=%2Fwp%2Fv2%2Fmedia&parent=15"}],"curies":[{"name":"wp","href":"https:\/\/api.w.org\/{rel}","templated":true}]}}