{"id":216,"date":"2012-04-10T00:01:44","date_gmt":"2012-04-10T00:01:44","guid":{"rendered":"http:\/\/miksam.com\/jussi\/?page_id=216"},"modified":"2019-03-24T21:26:34","modified_gmt":"2019-03-24T21:26:34","slug":"rekisteriseloste","status":"publish","type":"page","link":"https:\/\/kyminnikkarit.fi\/?page_id=216","title":{"rendered":"Rekisteriseloste"},"content":{"rendered":"<p>Kymin Nikkarin j\u00e4senrekisterin\u00e4 k\u00e4ytet\u00e4\u00e4n FloMembers nettij\u00e4senrekisteri\u00e4. Rekisterin p\u00e4\u00e4k\u00e4ytt\u00e4j\u00e4n\u00e4 on puheenjohtaja, joka vastaa my\u00f6s tietosuojasta. Rekisteriss\u00e4 yll\u00e4pidet\u00e4\u00e4n j\u00e4senyystietoja. Tiedot ker\u00e4t\u00e4\u00e4n j\u00e4seneksi ilmoittautumisen yhteydess\u00e4 ja p\u00e4ivitet\u00e4\u00e4n j\u00e4senen ilmoituksen mukaan. Tietoja k\u00e4ytet\u00e4\u00e4n yhteydenpito tarkoituksissa sek\u00e4 seurataan yhdistyksen j\u00e4sen kuvaa.<\/p>\n<p>J\u00e4senrekisteri on puheenjohtajan, kulttuurijaoksen vet\u00e4j\u00e4n ja sihteerin k\u00e4yt\u00f6ss\u00e4. Lis\u00e4ksi rajatuin lukuoikeuksin (nimi, yhteystiedot)varapuheenjohtajan ja taloudenhoitajan sek\u00e4 jaostojen k\u00e4yt\u00f6ss\u00e4. Rekisteritiedot ovat luottamuksellisia Tietoja ei luovuteta kolmannen osapuolen k\u00e4ytt\u00f6\u00f6n eik\u00e4 markkinointiin.<\/p>\n<p>J\u00e4senill\u00e4 on mahdollisuus kirjautua j\u00e4rjestelm\u00e4\u00e4n ja n\u00e4hd\u00e4 ja muuttaa j\u00e4sentietojaan. Mik\u00e4li j\u00e4senell\u00e4 ei ole kirjautumismahdollisuutta (internet yhteytt\u00e4 ja s\u00e4hk\u00f6postia) tiedot on n\u00e4ht\u00e4viss\u00e4 pyydett\u00e4ess\u00e4. J\u00e4senen erottua yhdistyksest\u00e4 tiedot h\u00e4vitet\u00e4\u00e4n 24 kk kuluttua tai aiemmin j\u00e4senen pyyt\u00e4ess\u00e4.<\/p>\n<p>Rekisteri\u00e4 yll\u00e4pit\u00e4\u00e4 FloApp oy asian mukaisin suojauksin ja varmennuksin.<\/p>\n<p>Henkil\u00f6tietolaki 523 \/1999 10\u00a7<\/p>\n<p>K\u00e4sitelty hallituksen kokouksessa 16.5.2018<\/p>\n<p>_____________________________________________<\/p>\n<p>EU:n asetusten my\u00f6t\u00e4 tuli tietoturvaan 5\/2018 muutoksia, jotka koskee henkil\u00f6rekisterin pitoa ja kaikkia rekisterinpit\u00e4ji\u00e4.&nbsp;Tarkemmin muutoksista voit lukea <a href=\"https:\/\/flomembers.fi\/mika-on-eun-uusi-tietosuoja-asetus\/\">Flomembers \u2013sivuilta.<\/a><\/p>\n<p>&nbsp;<\/p>\n","protected":false},"excerpt":{"rendered":"<p>Kymin Nikkarin j\u00e4senrekisterin\u00e4 k\u00e4ytet\u00e4\u00e4n FloMembers nettij\u00e4senrekisteri\u00e4. Rekisterin p\u00e4\u00e4k\u00e4ytt\u00e4j\u00e4n\u00e4 on puheenjohtaja, joka vastaa my\u00f6s tietosuojasta. Rekisteriss\u00e4 yll\u00e4pidet\u00e4\u00e4n j\u00e4senyystietoja. Tiedot ker\u00e4t\u00e4\u00e4n j\u00e4seneksi ilmoittautumisen yhteydess\u00e4 ja p\u00e4ivitet\u00e4\u00e4n j\u00e4senen ilmoituksen mukaan. Tietoja k\u00e4ytet\u00e4\u00e4n yhteydenpito tarkoituksissa sek\u00e4 seurataan yhdistyksen j\u00e4sen kuvaa. J\u00e4senrekisteri on puheenjohtajan, kulttuurijaoksen vet\u00e4j\u00e4n ja sihteerin k\u00e4yt\u00f6ss\u00e4. Lis\u00e4ksi rajatuin lukuoikeuksin (nimi, yhteystiedot)varapuheenjohtajan ja taloudenhoitajan sek\u00e4 jaostojen k\u00e4yt\u00f6ss\u00e4. Rekisteritiedot &hellip; <a href=\"https:\/\/kyminnikkarit.fi\/?page_id=216\" class=\"more-link\">Jatka lukemista<span class=\"screen-reader-text\"> &#8221;Rekisteriseloste&#8221;<\/span><\/a><\/p>\n","protected":false},"author":1,"featured_media":0,"parent":32,"menu_order":1,"comment_status":"closed","ping_status":"closed","template":"","meta":{"footnotes":""},"class_list":["post-216","page","type-page","status-publish","hentry"],"_links":{"self":[{"href":"https:\/\/kyminnikkarit.fi\/index.php?rest_route=\/wp\/v2\/pages\/216","targetHints":{"allow":["GET"]}}],"collection":[{"href":"https:\/\/kyminnikkarit.fi\/index.php?rest_route=\/wp\/v2\/pages"}],"about":[{"href":"https:\/\/kyminnikkarit.fi\/index.php?rest_route=\/wp\/v2\/types\/page"}],"author":[{"embeddable":true,"href":"https:\/\/kyminnikkarit.fi\/index.php?rest_route=\/wp\/v2\/users\/1"}],"replies":[{"embeddable":true,"href":"https:\/\/kyminnikkarit.fi\/index.php?rest_route=%2Fwp%2Fv2%2Fcomments&post=216"}],"version-history":[{"count":6,"href":"https:\/\/kyminnikkarit.fi\/index.php?rest_route=\/wp\/v2\/pages\/216\/revisions"}],"predecessor-version":[{"id":3035,"href":"https:\/\/kyminnikkarit.fi\/index.php?rest_route=\/wp\/v2\/pages\/216\/revisions\/3035"}],"up":[{"embeddable":true,"href":"https:\/\/kyminnikkarit.fi\/index.php?rest_route=\/wp\/v2\/pages\/32"}],"wp:attachment":[{"href":"https:\/\/kyminnikkarit.fi\/index.php?rest_route=%2Fwp%2Fv2%2Fmedia&parent=216"}],"curies":[{"name":"wp","href":"https:\/\/api.w.org\/{rel}","templated":true}]}}