{"id":2881,"date":"2018-11-04T18:17:59","date_gmt":"2018-11-04T18:17:59","guid":{"rendered":"http:\/\/kyminnikkarit.fi\/?page_id=2881"},"modified":"2024-02-06T13:42:20","modified_gmt":"2024-02-06T13:42:20","slug":"nukkis","status":"publish","type":"page","link":"https:\/\/kyminnikkarit.fi\/?page_id=2881","title":{"rendered":"Nukkis"},"content":{"rendered":"<p><em><strong>Kouvolan Nukkekotiharrastajat on liittynyt Nikkarin k\u00e4dentaitajien pariin.&nbsp; <\/strong><\/em><\/p>\n<p>&nbsp;<\/p>\n<p><em>Syksyst\u00e4 2018 alkaen kerho <a href=\"https:\/\/kyminnikkarit.fi\/wp-content\/uploads\/2018\/11\/IMG_5445-e1541356508196.jpg\"><img loading=\"lazy\" decoding=\"async\" class=\"alignright wp-image-2885\" src=\"https:\/\/kyminnikkarit.fi\/wp-content\/uploads\/2018\/11\/IMG_5445-e1541356508196-225x300.jpg\" alt=\"\" width=\"258\" height=\"344\" srcset=\"https:\/\/kyminnikkarit.fi\/wp-content\/uploads\/2018\/11\/IMG_5445-e1541356508196-225x300.jpg 225w, https:\/\/kyminnikkarit.fi\/wp-content\/uploads\/2018\/11\/IMG_5445-e1541356508196-768x1024.jpg 768w, https:\/\/kyminnikkarit.fi\/wp-content\/uploads\/2018\/11\/IMG_5445-e1541356508196-1200x1600.jpg 1200w\" sizes=\"auto, (max-width: 258px) 85vw, 258px\" \/><\/a>on kokoontunut Nikkarin Kutomon harrastetiloissa.&nbsp; Kerho kokoontuu p\u00e4\u00e4s\u00e4\u00e4nt\u00f6isesti kerran kuukaudessa.&nbsp; Jokainen kerhoilija hankkii etuk\u00e4teen tarvittavat tarvikkeet ja askartelemme toinen toistamme auttaen valitun aiheen mukaan.<\/em><\/p>\n<p><em>Ajankohtaista tietoa kokoontumisestamme ja toiminnasta l\u00f6ytyy <a href=\"https:\/\/www.facebook.com\/Kouvolan-Nukkekotiharrastajat-737095679665131\/\" target=\"_blank\" rel=\"noopener\">facebook sivuiltamme;&nbsp;&nbsp;<\/a><\/em><\/p>\n<p><em>Yhteystiedot<\/em><\/p>\n<p><em>Marja Kuisma&nbsp; &nbsp; &nbsp; &nbsp;040 132 7771<\/em><\/p>\n<p>&nbsp;<\/p>\n<p><em><span class=\"s1\">Yhdess\u00e4 tekeminen on sosiaalinen tapahtuma samanhenkisten mineilij\u00f6iden kanssa. Miniatyyrien askartelu kehitt\u00e4\u00e4 luovuutta, k\u00e4dentaitoja ja on monipuolista taideterapiaa.&nbsp;<\/span><\/em><em>Tervetuloa tutustumaan nukkekotien ihanaan maailmaan!<\/em><\/p>\n<p>&nbsp;<\/p>\n<p><a href=\"https:\/\/kyminnikkarit.fi\/wp-content\/uploads\/2018\/11\/elokuu-saappaat.jpg\"><img loading=\"lazy\" decoding=\"async\" class=\"wp-image-2886  alignright\" src=\"https:\/\/kyminnikkarit.fi\/wp-content\/uploads\/2018\/11\/elokuu-saappaat-300x225.jpg\" alt=\"\" width=\"315\" height=\"236\" srcset=\"https:\/\/kyminnikkarit.fi\/wp-content\/uploads\/2018\/11\/elokuu-saappaat-300x225.jpg 300w, https:\/\/kyminnikkarit.fi\/wp-content\/uploads\/2018\/11\/elokuu-saappaat.jpg 533w\" sizes=\"auto, (max-width: 315px) 85vw, 315px\" \/><\/a>Vuodesta 2006 alkaen ovat Kouvolan l\u00e4hialueen nukkekotiharrastajat kokoontuneet yhteen askartelemaan miniatyyreja. Kerho on kokoontunut vuosien aikana vaihtelevasti julkisissa kuin yksityistiloissakin p\u00e4\u00e4tyen Kymin Nikkareiden alaisuuteen. Matkan varrella kerho on esitellyt harrastustaan useissa n\u00e4yttelyiss\u00e4 sek\u00e4 erilaisissa tapahtumissa.<\/p>\n<p>&nbsp;<\/p>\n","protected":false},"excerpt":{"rendered":"<p>Kouvolan Nukkekotiharrastajat on liittynyt Nikkarin k\u00e4dentaitajien pariin.&nbsp; &nbsp; Syksyst\u00e4 2018 alkaen kerho on kokoontunut Nikkarin Kutomon harrastetiloissa.&nbsp; Kerho kokoontuu p\u00e4\u00e4s\u00e4\u00e4nt\u00f6isesti kerran kuukaudessa.&nbsp; Jokainen kerhoilija hankkii etuk\u00e4teen tarvittavat tarvikkeet ja askartelemme toinen toistamme auttaen valitun aiheen mukaan. Ajankohtaista tietoa kokoontumisestamme ja toiminnasta l\u00f6ytyy facebook sivuiltamme;&nbsp;&nbsp; Yhteystiedot Marja Kuisma&nbsp; &nbsp; &nbsp; &nbsp;040 132 7771 &nbsp; Yhdess\u00e4 tekeminen &hellip; <a href=\"https:\/\/kyminnikkarit.fi\/?page_id=2881\" class=\"more-link\">Jatka lukemista<span class=\"screen-reader-text\"> &#8221;Nukkis&#8221;<\/span><\/a><\/p>\n","protected":false},"author":1,"featured_media":0,"parent":0,"menu_order":0,"comment_status":"closed","ping_status":"closed","template":"","meta":{"footnotes":""},"class_list":["post-2881","page","type-page","status-publish","hentry"],"_links":{"self":[{"href":"https:\/\/kyminnikkarit.fi\/index.php?rest_route=\/wp\/v2\/pages\/2881","targetHints":{"allow":["GET"]}}],"collection":[{"href":"https:\/\/kyminnikkarit.fi\/index.php?rest_route=\/wp\/v2\/pages"}],"about":[{"href":"https:\/\/kyminnikkarit.fi\/index.php?rest_route=\/wp\/v2\/types\/page"}],"author":[{"embeddable":true,"href":"https:\/\/kyminnikkarit.fi\/index.php?rest_route=\/wp\/v2\/users\/1"}],"replies":[{"embeddable":true,"href":"https:\/\/kyminnikkarit.fi\/index.php?rest_route=%2Fwp%2Fv2%2Fcomments&post=2881"}],"version-history":[{"count":8,"href":"https:\/\/kyminnikkarit.fi\/index.php?rest_route=\/wp\/v2\/pages\/2881\/revisions"}],"predecessor-version":[{"id":4475,"href":"https:\/\/kyminnikkarit.fi\/index.php?rest_route=\/wp\/v2\/pages\/2881\/revisions\/4475"}],"wp:attachment":[{"href":"https:\/\/kyminnikkarit.fi\/index.php?rest_route=%2Fwp%2Fv2%2Fmedia&parent=2881"}],"curies":[{"name":"wp","href":"https:\/\/api.w.org\/{rel}","templated":true}]}}