{"id":2986,"date":"2019-03-21T15:58:41","date_gmt":"2019-03-21T15:58:41","guid":{"rendered":"http:\/\/kyminnikkarit.fi\/?page_id=2986"},"modified":"2025-02-08T20:52:25","modified_gmt":"2025-02-08T20:52:25","slug":"jasenedut","status":"publish","type":"page","link":"https:\/\/kyminnikkarit.fi\/?page_id=2986","title":{"rendered":"J\u00e4senedut"},"content":{"rendered":"<p><em><strong>Nikkarin j\u00e4senkortilla saat etuja&nbsp;yhteisty\u00f6kumppaneilta alennusta tapauskohtaisesti. <\/strong><\/em><\/p>\n<p>J<em>\u00e4senyyden voit <a href=\"https:\/\/kyminnikkarit.fi\/wp-content\/uploads\/2019\/03\/Ja\u0308senkortti2.jpg\"><img loading=\"lazy\" decoding=\"async\" class=\"alignright wp-image-2996\" src=\"https:\/\/kyminnikkarit.fi\/wp-content\/uploads\/2019\/03\/Ja\u0308senkortti2-160x300.jpg\" alt=\"\" width=\"142\" height=\"266\" srcset=\"https:\/\/kyminnikkarit.fi\/wp-content\/uploads\/2019\/03\/Ja\u0308senkortti2-160x300.jpg 160w, https:\/\/kyminnikkarit.fi\/wp-content\/uploads\/2019\/03\/Ja\u0308senkortti2.jpg 269w\" sizes=\"auto, (max-width: 142px) 85vw, 142px\" \/><\/a>todistaa mobiilij\u00e4senkortilla tai paperikortilla. J\u00e4senkortti aktivoituu, kun kauden j\u00e4senmaksu on maksettu. Lis\u00e4\u00e4 j\u00e4senkortin aktivoimisesta&nbsp;<a href=\"https:\/\/kyminnikkarit.fi\/wp-content\/uploads\/2019\/03\/J\u00e4senkortti-tietopaketti.pdf\" target=\"_blank\" rel=\"noopener\">t\u00e4st\u00e4<\/a> tai&nbsp; Jussi Haapala 040 507 2196.<\/em><\/p>\n<p><em>K\u00e4y sivuilla tied\u00e4t enemm\u00e4n ja k\u00e4yt\u00e4 hy\u00f6dyksi.<\/em><\/p>\n<p><a href=\"https:\/\/kyminnikkarit.fi\/wp-content\/uploads\/2019\/03\/logo_poratuuli.jpg\"><img loading=\"lazy\" decoding=\"async\" class=\"alignleft size-medium wp-image-2997\" src=\"https:\/\/kyminnikkarit.fi\/wp-content\/uploads\/2019\/03\/logo_poratuuli-300x73.jpg\" alt=\"\" width=\"300\" height=\"73\" srcset=\"https:\/\/kyminnikkarit.fi\/wp-content\/uploads\/2019\/03\/logo_poratuuli-300x73.jpg 300w, https:\/\/kyminnikkarit.fi\/wp-content\/uploads\/2019\/03\/logo_poratuuli-768x186.jpg 768w, https:\/\/kyminnikkarit.fi\/wp-content\/uploads\/2019\/03\/logo_poratuuli.jpg 791w\" sizes=\"auto, (max-width: 300px) 85vw, 300px\" \/><\/a><\/p>\n<p>&nbsp;<\/p>\n<p><a href=\"http:\/\/www.poratuuli.fi\" target=\"_blank\" rel=\"noopener\">Clik..<\/a><\/p>\n<p>&nbsp;<\/p>\n<p><a href=\"https:\/\/kyminnikkarit.fi\/wp-content\/uploads\/2019\/03\/Solanterahuolto_kilpi_.jpg\"><img loading=\"lazy\" decoding=\"async\" class=\"alignleft size-medium wp-image-2999\" src=\"https:\/\/kyminnikkarit.fi\/wp-content\/uploads\/2019\/03\/Solanterahuolto_kilpi_-300x54.jpg\" alt=\"\" width=\"300\" height=\"54\" srcset=\"https:\/\/kyminnikkarit.fi\/wp-content\/uploads\/2019\/03\/Solanterahuolto_kilpi_-300x54.jpg 300w, https:\/\/kyminnikkarit.fi\/wp-content\/uploads\/2019\/03\/Solanterahuolto_kilpi_-768x139.jpg 768w, https:\/\/kyminnikkarit.fi\/wp-content\/uploads\/2019\/03\/Solanterahuolto_kilpi_.jpg 885w\" sizes=\"auto, (max-width: 300px) 85vw, 300px\" \/><\/a><\/p>\n<p>&nbsp;<\/p>\n<p><a href=\"https:\/\/www.solanterahuolto.fi\/\" target=\"_blank\" rel=\"noopener\">Clik&#8230;<\/a><\/p>\n<p><a href=\"https:\/\/kyminnikkarit.fi\/wp-content\/uploads\/2019\/03\/image001.jpg\"><img loading=\"lazy\" decoding=\"async\" class=\"alignleft size-full wp-image-3000\" src=\"https:\/\/kyminnikkarit.fi\/wp-content\/uploads\/2019\/03\/image001.jpg\" alt=\"\" width=\"292\" height=\"46\"\/><\/a><\/p>\n<p>&nbsp;<\/p>\n<p><a href=\"https:\/\/www.valkealansaha.fi\/?gclid=CjwKCAiAouD_BRBIEiwALhJH6FPRkmZOUkfi-mpCuA6FVI88PN-mhRbH2-C0TSXNBoJ_OuXqX4FUZRoCz-UQAvD_BwE\" target=\"_blank\" rel=\"noopener\">Clik&#8230;<\/a><\/p>\n<h3><a href=\"https:\/\/www.facebook.com\/profile.php?id=61561071731742\" target=\"_blank\" rel=\"noopener\">K\u00e4sity\u00f6- ja Ompelutarvike Anne&nbsp;<\/a><\/h3>\n<p>&nbsp;<\/p>\n<p>&nbsp;<\/p>\n<p>&nbsp;<\/p>\n<p>&nbsp;<\/p>\n<p>&nbsp;<\/p>\n<p>&nbsp;<\/p>\n","protected":false},"excerpt":{"rendered":"<p>Nikkarin j\u00e4senkortilla saat etuja&nbsp;yhteisty\u00f6kumppaneilta alennusta tapauskohtaisesti. J\u00e4senyyden voit todistaa mobiilij\u00e4senkortilla tai paperikortilla. J\u00e4senkortti aktivoituu, kun kauden j\u00e4senmaksu on maksettu. Lis\u00e4\u00e4 j\u00e4senkortin aktivoimisesta&nbsp;t\u00e4st\u00e4 tai&nbsp; Jussi Haapala 040 507 2196. K\u00e4y sivuilla tied\u00e4t enemm\u00e4n ja k\u00e4yt\u00e4 hy\u00f6dyksi. &nbsp; Clik.. &nbsp; &nbsp; Clik&#8230; &nbsp; Clik&#8230; K\u00e4sity\u00f6- ja Ompelutarvike Anne&nbsp; &nbsp; &nbsp; &nbsp; &nbsp; &nbsp; &nbsp;<\/p>\n","protected":false},"author":1,"featured_media":0,"parent":0,"menu_order":0,"comment_status":"closed","ping_status":"closed","template":"","meta":{"footnotes":""},"class_list":["post-2986","page","type-page","status-publish","hentry"],"_links":{"self":[{"href":"https:\/\/kyminnikkarit.fi\/index.php?rest_route=\/wp\/v2\/pages\/2986","targetHints":{"allow":["GET"]}}],"collection":[{"href":"https:\/\/kyminnikkarit.fi\/index.php?rest_route=\/wp\/v2\/pages"}],"about":[{"href":"https:\/\/kyminnikkarit.fi\/index.php?rest_route=\/wp\/v2\/types\/page"}],"author":[{"embeddable":true,"href":"https:\/\/kyminnikkarit.fi\/index.php?rest_route=\/wp\/v2\/users\/1"}],"replies":[{"embeddable":true,"href":"https:\/\/kyminnikkarit.fi\/index.php?rest_route=%2Fwp%2Fv2%2Fcomments&post=2986"}],"version-history":[{"count":10,"href":"https:\/\/kyminnikkarit.fi\/index.php?rest_route=\/wp\/v2\/pages\/2986\/revisions"}],"predecessor-version":[{"id":4688,"href":"https:\/\/kyminnikkarit.fi\/index.php?rest_route=\/wp\/v2\/pages\/2986\/revisions\/4688"}],"wp:attachment":[{"href":"https:\/\/kyminnikkarit.fi\/index.php?rest_route=%2Fwp%2Fv2%2Fmedia&parent=2986"}],"curies":[{"name":"wp","href":"https:\/\/api.w.org\/{rel}","templated":true}]}}