{"id":4452,"date":"2024-01-20T20:24:59","date_gmt":"2024-01-20T20:24:59","guid":{"rendered":"https:\/\/kyminnikkarit.fi\/?page_id=4452"},"modified":"2025-12-30T21:05:42","modified_gmt":"2025-12-30T21:05:42","slug":"kerhopaivat","status":"publish","type":"page","link":"https:\/\/kyminnikkarit.fi\/?page_id=4452","title":{"rendered":"Kerhop\u00e4iv\u00e4t"},"content":{"rendered":"<div class=\"xdj266r x11i5rnm xat24cr x1mh8g0r x1vvkbs x126k92a\">\n<div class=\"xdj266r x14z9mp xat24cr x1lziwak x1vvkbs x126k92a\">\n<div dir=\"auto\"><strong>KERHOTAPAAMISET 2026<\/strong><\/div>\n<\/div>\n<div class=\"x14z9mp xat24cr x1lziwak x1vvkbs xtlvy1s x126k92a\">\n<div dir=\"auto\">Kerhomme kokoontuu 3 viikon v\u00e4lein torstaisin klo 15-20 v\u00e4lisen\u00e4 aikana.<\/div>\n<\/div>\n<p>&nbsp;<\/p>\n<\/div>\n<div dir=\"auto\"><a href=\"https:\/\/kyminnikkarit.fi\/wp-content\/uploads\/2023\/03\/Nikkarit_kartta_uusi.png\"><img loading=\"lazy\" decoding=\"async\" class=\"alignright wp-image-4214\" src=\"https:\/\/kyminnikkarit.fi\/wp-content\/uploads\/2023\/03\/Nikkarit_kartta_uusi-300x171.png\" alt=\"\" width=\"265\" height=\"151\" srcset=\"https:\/\/kyminnikkarit.fi\/wp-content\/uploads\/2023\/03\/Nikkarit_kartta_uusi-300x171.png 300w, https:\/\/kyminnikkarit.fi\/wp-content\/uploads\/2023\/03\/Nikkarit_kartta_uusi-1024x583.png 1024w, https:\/\/kyminnikkarit.fi\/wp-content\/uploads\/2023\/03\/Nikkarit_kartta_uusi-768x437.png 768w, https:\/\/kyminnikkarit.fi\/wp-content\/uploads\/2023\/03\/Nikkarit_kartta_uusi-1536x875.png 1536w, https:\/\/kyminnikkarit.fi\/wp-content\/uploads\/2023\/03\/Nikkarit_kartta_uusi-2048x1166.png 2048w, https:\/\/kyminnikkarit.fi\/wp-content\/uploads\/2023\/03\/Nikkarit_kartta_uusi-1200x683.png 1200w\" sizes=\"auto, (max-width: 265px) 85vw, 265px\" \/><\/a><\/div>\n<div dir=\"auto\">Kymin Nikkarit, Tallinmonttu, kutomontilat ( 2 krs. )<\/div>\n<div dir=\"auto\">Patosillantie 1, 45700 Kuusankoski.<\/div>\n<div dir=\"auto\">&nbsp;<\/div>\n<div dir=\"auto\">Lis\u00e4tiedot&nbsp;<\/div>\n<div dir=\"auto\">Marja Kuisma&nbsp; 040 132 7771<\/div>\n<div dir=\"auto\">tai kerhon omat<a href=\"https:\/\/www.facebook.com\/profile.php?id=100063570727639\" target=\"_blank\" rel=\"noopener\"> FB-sivut<\/a><\/div>\n<div class=\"x11i5rnm xat24cr x1mh8g0r x1vvkbs xtlvy1s x126k92a\">\n<div dir=\"auto\">\n<div class=\"x11i5rnm xat24cr x1mh8g0r x1vvkbs xtlvy1s x126k92a\">&nbsp;<\/div>\n<div class=\"x11i5rnm xat24cr x1mh8g0r x1vvkbs xtlvy1s x126k92a\">\n<div dir=\"auto\">\n<div class=\"xdj266r x14z9mp xat24cr x1lziwak x1vvkbs x126k92a\">\n<div dir=\"auto\">Vuodelle 2026 olemme valikoineet aiheiksi:<\/div>\n<\/div>\n<div class=\"x14z9mp xat24cr x1lziwak x1vvkbs xtlvy1s x126k92a\">\n<div dir=\"auto\">15.1. Vanhanajan sein\u00e4puhelin<\/div>\n<div dir=\"auto\">5.2. Kirjoituskone<\/div>\n<div dir=\"auto\">26.2. Leip\u00e4laatikko\/rullakaappi<\/div>\n<div dir=\"auto\">19.3. Kirjoitus-setti<\/div>\n<div dir=\"auto\">9.4. Fimoruokaa\/leivonnaisia<\/div>\n<div dir=\"auto\">29.4. Kutistemuovi<\/div>\n<div dir=\"auto\">21.5. Liinavaatekaappi<\/div>\n<div dir=\"auto\">11.6 Veneily<\/div>\n<\/div>\n<div class=\"x14z9mp xat24cr x1lziwak x1vvkbs xtlvy1s x126k92a\">\n<div dir=\"auto\">HEIN\u00c4KUU HUILITAAN<\/div>\n<\/div>\n<div class=\"x14z9mp xat24cr x1lziwak x1vvkbs xtlvy1s x126k92a\">\n<div dir=\"auto\">Jos miniatyyriharrastus kiinnostaa tule rohkeasti tutustumisk\u00e4ynnille kerhoomme ilman ennakkoilmoittautumista.<\/div>\n<\/div>\n<\/div>\n<\/div>\n<\/div>\n<\/div>\n","protected":false},"excerpt":{"rendered":"<p>KERHOTAPAAMISET 2026 Kerhomme kokoontuu 3 viikon v\u00e4lein torstaisin klo 15-20 v\u00e4lisen\u00e4 aikana. &nbsp; Kymin Nikkarit, Tallinmonttu, kutomontilat ( 2 krs. ) Patosillantie 1, 45700 Kuusankoski. &nbsp; Lis\u00e4tiedot&nbsp; Marja Kuisma&nbsp; 040 132 7771 tai kerhon omat FB-sivut &nbsp; Vuodelle 2026 olemme valikoineet aiheiksi: 15.1. Vanhanajan sein\u00e4puhelin 5.2. Kirjoituskone 26.2. Leip\u00e4laatikko\/rullakaappi 19.3. Kirjoitus-setti 9.4. Fimoruokaa\/leivonnaisia 29.4. Kutistemuovi &hellip; <a href=\"https:\/\/kyminnikkarit.fi\/?page_id=4452\" class=\"more-link\">Jatka lukemista<span class=\"screen-reader-text\"> &#8221;Kerhop\u00e4iv\u00e4t&#8221;<\/span><\/a><\/p>\n","protected":false},"author":1,"featured_media":0,"parent":2881,"menu_order":1,"comment_status":"closed","ping_status":"closed","template":"","meta":{"footnotes":""},"class_list":["post-4452","page","type-page","status-publish","hentry"],"_links":{"self":[{"href":"https:\/\/kyminnikkarit.fi\/index.php?rest_route=\/wp\/v2\/pages\/4452","targetHints":{"allow":["GET"]}}],"collection":[{"href":"https:\/\/kyminnikkarit.fi\/index.php?rest_route=\/wp\/v2\/pages"}],"about":[{"href":"https:\/\/kyminnikkarit.fi\/index.php?rest_route=\/wp\/v2\/types\/page"}],"author":[{"embeddable":true,"href":"https:\/\/kyminnikkarit.fi\/index.php?rest_route=\/wp\/v2\/users\/1"}],"replies":[{"embeddable":true,"href":"https:\/\/kyminnikkarit.fi\/index.php?rest_route=%2Fwp%2Fv2%2Fcomments&post=4452"}],"version-history":[{"count":10,"href":"https:\/\/kyminnikkarit.fi\/index.php?rest_route=\/wp\/v2\/pages\/4452\/revisions"}],"predecessor-version":[{"id":4832,"href":"https:\/\/kyminnikkarit.fi\/index.php?rest_route=\/wp\/v2\/pages\/4452\/revisions\/4832"}],"up":[{"embeddable":true,"href":"https:\/\/kyminnikkarit.fi\/index.php?rest_route=\/wp\/v2\/pages\/2881"}],"wp:attachment":[{"href":"https:\/\/kyminnikkarit.fi\/index.php?rest_route=%2Fwp%2Fv2%2Fmedia&parent=4452"}],"curies":[{"name":"wp","href":"https:\/\/api.w.org\/{rel}","templated":true}]}}