{"id":625,"date":"2013-12-30T19:41:07","date_gmt":"2013-12-30T19:41:07","guid":{"rendered":"http:\/\/kyminnikkarit.fi\/?page_id=625"},"modified":"2025-12-30T21:02:37","modified_gmt":"2025-12-30T21:02:37","slug":"puutyopajan-aukioloajat","status":"publish","type":"page","link":"https:\/\/kyminnikkarit.fi\/?page_id=625","title":{"rendered":"Puuty\u00f6pajan aukioloajat ja hinnasto"},"content":{"rendered":"<h2><strong>Nikkarin puuty\u00f6pajan kev\u00e4tkausi 12.1. &#8211; 28.4.2026<\/strong><\/h2>\n<p><strong><span style=\"line-height: 1.625;\">Avoinna&nbsp; ( Huom !!! muutos viikon lopuissa)<\/span><\/strong><\/p>\n<p>Ma&nbsp; klo 10-18,&nbsp; Ti&nbsp; klo 12-20 ja Ke klo&nbsp; 12-20.<\/p>\n<p>Avoinna seuraavat viikonloput La- Su klo 10 -16<\/p>\n<p>24-25.1, 7-8.2, 7-8.3, 21-22.3, 11-12.4, ja 25-26.4<\/p>\n<p><strong>Huom !!!&nbsp; &nbsp;<\/strong><\/p>\n<p>&nbsp;29.4.2026 klo 9 alkaen siivousp\u00e4iv\u00e4&nbsp;<\/p>\n<p><strong>Maksut<\/strong><\/p>\n<p>K\u00e4ytt\u00f6maksu alle 4h\/ 5 euroa ja yli 4h \/ 8 euroa.<\/p>\n<p>Kev\u00e4tkauden kausimaksu 100 euroa ( askartele niin paljon kun haluat )<\/p>\n<p><strong><span style=\"line-height: 1.625;\">Tiedustelut<\/span><\/strong><\/p>\n<p>Juhani Haapala&nbsp;&nbsp;&nbsp;&nbsp;&nbsp;&nbsp;&nbsp;&nbsp; 040&nbsp;507 2196<\/p>\n<p><span style=\"line-height: 1.625;\">Raimo M\u00e4kinen&nbsp;&nbsp;&nbsp;&nbsp;&nbsp;&nbsp;&nbsp;&nbsp; 040&nbsp;556 8120<\/span><\/p>\n<p>&nbsp;<\/p>\n<p>&nbsp;<\/p>\n","protected":false},"excerpt":{"rendered":"<p>Nikkarin puuty\u00f6pajan kev\u00e4tkausi 12.1. &#8211; 28.4.2026 Avoinna&nbsp; ( Huom !!! muutos viikon lopuissa) Ma&nbsp; klo 10-18,&nbsp; Ti&nbsp; klo 12-20 ja Ke klo&nbsp; 12-20. Avoinna seuraavat viikonloput La- Su klo 10 -16 24-25.1, 7-8.2, 7-8.3, 21-22.3, 11-12.4, ja 25-26.4 Huom !!!&nbsp; &nbsp; &nbsp;29.4.2026 klo 9 alkaen siivousp\u00e4iv\u00e4&nbsp; Maksut K\u00e4ytt\u00f6maksu alle 4h\/ 5 euroa ja yli 4h &hellip; <a href=\"https:\/\/kyminnikkarit.fi\/?page_id=625\" class=\"more-link\">Jatka lukemista<span class=\"screen-reader-text\"> &#8221;Puuty\u00f6pajan aukioloajat ja hinnasto&#8221;<\/span><\/a><\/p>\n","protected":false},"author":1,"featured_media":0,"parent":125,"menu_order":1,"comment_status":"closed","ping_status":"closed","template":"","meta":{"footnotes":""},"class_list":["post-625","page","type-page","status-publish","hentry"],"_links":{"self":[{"href":"https:\/\/kyminnikkarit.fi\/index.php?rest_route=\/wp\/v2\/pages\/625","targetHints":{"allow":["GET"]}}],"collection":[{"href":"https:\/\/kyminnikkarit.fi\/index.php?rest_route=\/wp\/v2\/pages"}],"about":[{"href":"https:\/\/kyminnikkarit.fi\/index.php?rest_route=\/wp\/v2\/types\/page"}],"author":[{"embeddable":true,"href":"https:\/\/kyminnikkarit.fi\/index.php?rest_route=\/wp\/v2\/users\/1"}],"replies":[{"embeddable":true,"href":"https:\/\/kyminnikkarit.fi\/index.php?rest_route=%2Fwp%2Fv2%2Fcomments&post=625"}],"version-history":[{"count":64,"href":"https:\/\/kyminnikkarit.fi\/index.php?rest_route=\/wp\/v2\/pages\/625\/revisions"}],"predecessor-version":[{"id":4828,"href":"https:\/\/kyminnikkarit.fi\/index.php?rest_route=\/wp\/v2\/pages\/625\/revisions\/4828"}],"up":[{"embeddable":true,"href":"https:\/\/kyminnikkarit.fi\/index.php?rest_route=\/wp\/v2\/pages\/125"}],"wp:attachment":[{"href":"https:\/\/kyminnikkarit.fi\/index.php?rest_route=%2Fwp%2Fv2%2Fmedia&parent=625"}],"curies":[{"name":"wp","href":"https:\/\/api.w.org\/{rel}","templated":true}]}}