{"id":81,"date":"2012-03-17T06:27:01","date_gmt":"2012-03-17T06:27:01","guid":{"rendered":"http:\/\/miksam.com\/jussi\/?page_id=81"},"modified":"2024-12-16T15:34:53","modified_gmt":"2024-12-16T15:34:53","slug":"puunmyynti","status":"publish","type":"page","link":"https:\/\/kyminnikkarit.fi\/?page_id=81","title":{"rendered":"Linkit"},"content":{"rendered":"<p>Mielenkiintoisia linkkej\u00e4 l\u00f6ytyy paljon, t\u00e4ss\u00e4 vain muutama.<\/p>\n<p><a href=\"https:\/\/puuproffa.fi\/\" target=\"_blank\" rel=\"noopener\">PuuProffa <\/a><a href=\"http:\/\/www.puuproffa.fi\/proffin\/index.php?option=com_frontpage&amp;Itemid=197\" target=\"_blank\" rel=\"noopener\">&#8211;<\/a> Puualan tietoutta<\/p>\n<p><a href=\"http:\/\/www.kotiverstas.com\/keskustelu\/index.php\" target=\"_blank\" rel=\"noopener\">Kotiverstas<\/a> &#8211; Foorumi alan harrastajille<\/p>\n<p><a href=\"http:\/\/www.puuinfo.fi\/puutieto\" target=\"_blank\" rel=\"noopener\">PuuInfo <\/a>&#8211; Tietopankki<\/p>\n","protected":false},"excerpt":{"rendered":"<p>Mielenkiintoisia linkkej\u00e4 l\u00f6ytyy paljon, t\u00e4ss\u00e4 vain muutama. PuuProffa &#8211; Puualan tietoutta Kotiverstas &#8211; Foorumi alan harrastajille PuuInfo &#8211; Tietopankki<\/p>\n","protected":false},"author":1,"featured_media":0,"parent":125,"menu_order":3,"comment_status":"closed","ping_status":"closed","template":"","meta":{"footnotes":""},"class_list":["post-81","page","type-page","status-publish","hentry"],"_links":{"self":[{"href":"https:\/\/kyminnikkarit.fi\/index.php?rest_route=\/wp\/v2\/pages\/81","targetHints":{"allow":["GET"]}}],"collection":[{"href":"https:\/\/kyminnikkarit.fi\/index.php?rest_route=\/wp\/v2\/pages"}],"about":[{"href":"https:\/\/kyminnikkarit.fi\/index.php?rest_route=\/wp\/v2\/types\/page"}],"author":[{"embeddable":true,"href":"https:\/\/kyminnikkarit.fi\/index.php?rest_route=\/wp\/v2\/users\/1"}],"replies":[{"embeddable":true,"href":"https:\/\/kyminnikkarit.fi\/index.php?rest_route=%2Fwp%2Fv2%2Fcomments&post=81"}],"version-history":[{"count":19,"href":"https:\/\/kyminnikkarit.fi\/index.php?rest_route=\/wp\/v2\/pages\/81\/revisions"}],"predecessor-version":[{"id":4641,"href":"https:\/\/kyminnikkarit.fi\/index.php?rest_route=\/wp\/v2\/pages\/81\/revisions\/4641"}],"up":[{"embeddable":true,"href":"https:\/\/kyminnikkarit.fi\/index.php?rest_route=\/wp\/v2\/pages\/125"}],"wp:attachment":[{"href":"https:\/\/kyminnikkarit.fi\/index.php?rest_route=%2Fwp%2Fv2%2Fmedia&parent=81"}],"curies":[{"name":"wp","href":"https:\/\/api.w.org\/{rel}","templated":true}]}}