{"id":86,"date":"2012-03-17T06:32:02","date_gmt":"2012-03-17T06:32:02","guid":{"rendered":"http:\/\/miksam.com\/jussi\/?page_id=86"},"modified":"2024-01-02T13:57:42","modified_gmt":"2024-01-02T13:57:42","slug":"raaka-aineet","status":"publish","type":"page","link":"https:\/\/kyminnikkarit.fi\/?page_id=86","title":{"rendered":"Raaka-aineet"},"content":{"rendered":"<p>Puuty\u00f6pajalla on raaka-aineena luonnollisesti puu. Askartelijat hankkivat puutavaran itse. Puuty\u00f6pajalla on myynniss\u00e4 pieni\u00e4 m\u00e4\u00e4ri\u00e4 m\u00e4nty\u00e4, koivua ja jalopuita.<\/p>\n<p>Kymin Nikkarit tekev\u00e4t yhteisty\u00f6t\u00e4 muutaman l\u00e4hiseudun puutavaramyyj\u00e4n kanssa. <a href=\"https:\/\/kyminnikkarit.fi\/?page_id=2986\" target=\"_blank\" rel=\"noopener\">Kts. j\u00e4senedut.<\/a><\/p>\n<p>Monet askartelijat k\u00e4ytt\u00e4v\u00e4t mielell\u00e4\u00e4n omia puita, jotka ovat kaadettu omalta pihalta tai muualta hankittua puutavaraa. Puun kuivuus ja puhtaus ovat t\u00e4rkeit\u00e4 seikkoja. Hyv\u00e4ll\u00e4 ilmakuivauksella puun kosteus laskee noin 15 prosenttiin, puusep\u00e4nkuiva puu on noin 10 kosteusprosenttia, jolloin se vaatii uunikuivausta tai pitk\u00e4\u00e4 aikaa l\u00e4mpim\u00e4ss\u00e4 sis\u00e4tilassa. Valitettavasti puuty\u00f6pajan tilat ovat rajalliset ja tiloja ei voi k\u00e4ytt\u00e4\u00e4 kuivatukseen. Nikkareille on kuitenkin puuvarastossa vuokrattavia l\u00e4mpimi\u00e4 tiloja, joissa voi s\u00e4ilytt\u00e4\u00e4 puutavaraa. Meill\u00e4 on my\u00f6s k\u00e4yt\u00f6ss\u00e4 l\u00e4hinn\u00e4 soitinpuiden k\u00e4sittelyyn tarkoitettu uuni, mutta uunilla voidaan my\u00f6s kuivattaa puuta.<\/p>\n<p>Toinen ja t\u00e4rke\u00e4mpi seikka on puun puhtaus. Pihapuissa ja muissa ns: \u201dk\u00e4ytetyss\u00e4 materiaalissa\u201d ovat vaarana naulat, hakaset, betoni tai muut ep\u00e4puhtaudet, jotka aiheuttavat ter\u00e4rikkoja. Per\u00e4k\u00e4rri kuljetus lis\u00e4\u00e4 kivien ja soran tarttumista puutavaraan, my\u00f6s lakatut ja maalatut laudat aiheuttavat ter\u00e4rikkoja. Puuty\u00f6pajalla on metallinilmaisin, jolla voi tarkistaa mahdolliset metallit.<\/p>\n<p>Askartelijan tulee huomioida:<\/p>\n<p>&#8211;&nbsp;&nbsp;&nbsp;&nbsp;&nbsp; Puhdista ja tarkista raaka-aine ennen ty\u00f6st\u00f6\u00e4<\/p>\n<p>&#8211;&nbsp;&nbsp;&nbsp;&nbsp;&nbsp; Valitse ty\u00f6st\u00f6\u00f6n oikea laite ja ter\u00e4<\/p>\n<p>&#8211;&nbsp;&nbsp;&nbsp;&nbsp;&nbsp; Mik\u00e4li ep\u00e4ilet raaka-aineen sopivuutta, ota yhteys ohjaajaan<\/p>\n<p>Lis\u00e4\u00e4 tietoa puulajeista ja k\u00e4ytt\u00f6kohteista:<\/p>\n<p><a href=\"http:\/\/www03.edu.fi\/oppimateriaalit\/puutuoteteollisuus\/raaka-aineet\/puulajit_ja_kayttokohteet\/index.html\" target=\"_blank\" rel=\"noopener\">Edu\/ oppimateriaali.<\/a><\/p>\n<p><a href=\"https:\/\/puuproffa.fi\/puutieto\/\" target=\"_blank\" rel=\"noopener\">Puuproffa<\/a><\/p>\n<p>&nbsp;<\/p>\n","protected":false},"excerpt":{"rendered":"<p>Puuty\u00f6pajalla on raaka-aineena luonnollisesti puu. Askartelijat hankkivat puutavaran itse. Puuty\u00f6pajalla on myynniss\u00e4 pieni\u00e4 m\u00e4\u00e4ri\u00e4 m\u00e4nty\u00e4, koivua ja jalopuita. Kymin Nikkarit tekev\u00e4t yhteisty\u00f6t\u00e4 muutaman l\u00e4hiseudun puutavaramyyj\u00e4n kanssa. Kts. j\u00e4senedut. Monet askartelijat k\u00e4ytt\u00e4v\u00e4t mielell\u00e4\u00e4n omia puita, jotka ovat kaadettu omalta pihalta tai muualta hankittua puutavaraa. Puun kuivuus ja puhtaus ovat t\u00e4rkeit\u00e4 seikkoja. Hyv\u00e4ll\u00e4 ilmakuivauksella puun kosteus laskee &hellip; <a href=\"https:\/\/kyminnikkarit.fi\/?page_id=86\" class=\"more-link\">Jatka lukemista<span class=\"screen-reader-text\"> &#8221;Raaka-aineet&#8221;<\/span><\/a><\/p>\n","protected":false},"author":1,"featured_media":1655,"parent":125,"menu_order":2,"comment_status":"closed","ping_status":"closed","template":"","meta":{"footnotes":""},"class_list":["post-86","page","type-page","status-publish","has-post-thumbnail","hentry"],"_links":{"self":[{"href":"https:\/\/kyminnikkarit.fi\/index.php?rest_route=\/wp\/v2\/pages\/86","targetHints":{"allow":["GET"]}}],"collection":[{"href":"https:\/\/kyminnikkarit.fi\/index.php?rest_route=\/wp\/v2\/pages"}],"about":[{"href":"https:\/\/kyminnikkarit.fi\/index.php?rest_route=\/wp\/v2\/types\/page"}],"author":[{"embeddable":true,"href":"https:\/\/kyminnikkarit.fi\/index.php?rest_route=\/wp\/v2\/users\/1"}],"replies":[{"embeddable":true,"href":"https:\/\/kyminnikkarit.fi\/index.php?rest_route=%2Fwp%2Fv2%2Fcomments&post=86"}],"version-history":[{"count":31,"href":"https:\/\/kyminnikkarit.fi\/index.php?rest_route=\/wp\/v2\/pages\/86\/revisions"}],"predecessor-version":[{"id":4407,"href":"https:\/\/kyminnikkarit.fi\/index.php?rest_route=\/wp\/v2\/pages\/86\/revisions\/4407"}],"up":[{"embeddable":true,"href":"https:\/\/kyminnikkarit.fi\/index.php?rest_route=\/wp\/v2\/pages\/125"}],"wp:featuredmedia":[{"embeddable":true,"href":"https:\/\/kyminnikkarit.fi\/index.php?rest_route=\/wp\/v2\/media\/1655"}],"wp:attachment":[{"href":"https:\/\/kyminnikkarit.fi\/index.php?rest_route=%2Fwp%2Fv2%2Fmedia&parent=86"}],"curies":[{"name":"wp","href":"https:\/\/api.w.org\/{rel}","templated":true}]}}