{"id":9,"date":"2012-02-23T12:54:39","date_gmt":"2012-02-23T12:54:39","guid":{"rendered":"http:\/\/miksam.com\/jussi\/?page_id=9"},"modified":"2025-01-19T19:31:00","modified_gmt":"2025-01-19T19:31:00","slug":"sivu-2","status":"publish","type":"page","link":"https:\/\/kyminnikkarit.fi\/?page_id=9","title":{"rendered":"Kutomo"},"content":{"rendered":"<p><a href=\"https:\/\/kyminnikkarit.fi\/wp-content\/uploads\/2012\/02\/kutomo3.jpg\"><img loading=\"lazy\" decoding=\"async\" class=\"alignleft wp-image-170\" title=\"SONY DSC\" src=\"https:\/\/kyminnikkarit.fi\/wp-content\/uploads\/2012\/02\/kutomo3-300x207.jpg\" alt=\"\" width=\"375\" height=\"259\" srcset=\"https:\/\/kyminnikkarit.fi\/wp-content\/uploads\/2012\/02\/kutomo3-300x207.jpg 300w, https:\/\/kyminnikkarit.fi\/wp-content\/uploads\/2012\/02\/kutomo3.jpg 640w\" sizes=\"auto, (max-width: 375px) 85vw, 375px\" \/><\/a>Nikkarin kutomon toiminta k\u00e4ynnistyi vuoden 2011 alussa. K\u00e4yt\u00f6ss\u00e4 on nyt 7 kangaspuut. Kangaspuiden leveydet vaihtelevat 250 cm &#8211; 150 cm.&nbsp; Leveimm\u00e4t puut on ns. rautapuut , joilla voi kutoa my\u00f6s yksin. Perinteisen maton kudonnan lis\u00e4ksi on mahdollisuus poppanoiden ja liinojen kudontaan. Kutomolta l\u00f6ytyy my\u00f6s luomapuut.&nbsp; Kutomoa voivat varata j\u00e4senet.&nbsp; ( <a href=\"https:\/\/byte.flomembers.com\/kyminnikkarit\/members\/application?_lang=fi\" target=\"_blank\" rel=\"noopener\">Liity j\u00e4seneksi ) <\/a><\/p>\n<p>Kutoja saa avaimen ja voi k\u00e4ytt\u00e4\u00e4 kutomoa, kun itselle parhaiten sopii. Neuvoja ja opastusta saat ohjaajilta. Kangaspuiden vuokra on 5 euroa\/pv .lis\u00e4ksi veloitetaan loimien hinta. Uutta on my\u00f6s kausimaksu paljon kutoville. Kts. hinnasto ja kysy lis\u00e4\u00e4 kutomolta.&nbsp;Kutomolta voi tiedustella my\u00f6s&nbsp;kuteita.<\/p>\n<p><img loading=\"lazy\" decoding=\"async\" class=\"wp-image-2073 alignright\" src=\"https:\/\/kyminnikkarit.fi\/wp-content\/uploads\/2012\/02\/kutom2-218x300.jpg\" alt=\"kutom2\" width=\"289\" height=\"397\" srcset=\"https:\/\/kyminnikkarit.fi\/wp-content\/uploads\/2012\/02\/kutom2-218x300.jpg 218w, https:\/\/kyminnikkarit.fi\/wp-content\/uploads\/2012\/02\/kutom2-768x1056.jpg 768w, https:\/\/kyminnikkarit.fi\/wp-content\/uploads\/2012\/02\/kutom2-745x1024.jpg 745w, https:\/\/kyminnikkarit.fi\/wp-content\/uploads\/2012\/02\/kutom2-1200x1650.jpg 1200w, https:\/\/kyminnikkarit.fi\/wp-content\/uploads\/2012\/02\/kutom2.jpg 1500w\" sizes=\"auto, (max-width: 289px) 85vw, 289px\" \/><\/p>\n<p>Lista&nbsp;nyt kudottavista&nbsp;loimista l\u00f6yd\u00e4t <a href=\"https:\/\/kyminnikkarit.fi\/?page_id=1015\" target=\"_blank\" rel=\"noopener\">alasivulta<\/a>. Toiveita kudottavista loimista voit esitt\u00e4\u00e4 ohjaajille. Koulutusta ja ideointia kudonnan k\u00e4dentaitojen tiimoilta j\u00e4rjestet\u00e4\u00e4n toiveiden mukaan. Kutomon yhteydess\u00e4 on Nikkarin kerhotila, jota j\u00e4senet voi vuokrata harrastustoimintaan.&nbsp;<\/p>\n<p>&nbsp;<\/p>\n<p>&nbsp;<\/p>\n<p><a href=\"https:\/\/kyminnikkarit.fi\/wp-content\/uploads\/2025\/01\/Hinnasto-2025.pdf\" target=\"_blank\" rel=\"noopener\">Hinnasto<\/a><\/p>\n<p><a href=\"https:\/\/kyminnikkarit.fi\/wp-content\/uploads\/2025\/01\/Kutomon-toimintaohje-2025.pdf\" target=\"_blank\" rel=\"noopener\">Kutomon toimintaohje<\/a><\/p>\n<p><strong>Ohjaajat<\/strong><\/p>\n<p>Aila Kukkola&nbsp;&nbsp; 040 090 6946&nbsp; Varaukset, laskutus<\/p>\n<p>Kati Orpana &nbsp;040 075 6684.&nbsp; Kuteet, loimet ja laskutus<\/p>\n<p>Marketta Taiponen&nbsp; 044 594 7269<\/p>\n<p>Jaana Haavisto&nbsp; 040 512 8956<\/p>\n<p>Maikki Lallukka<\/p>\n<p>&nbsp;<\/p>\n<p>Aiheeseen liittyvi\u00e4 linkkej\u00e4:<\/p>\n<p><a href=\"http:\/\/www.mallikerta.fi\/\" target=\"_blank\" rel=\"noopener\">Mallikerta<\/a> &#8211; Kankaankutojien oma erikoislehti.<\/p>\n<p><a href=\"http:\/\/www.lankava.fi\/\" target=\"_blank\" rel=\"noopener\">Lankava<\/a>&nbsp;&#8211; Kauhavan kangasaitta nettikauppa.<\/p>\n<p><a href=\"http:\/\/kauppa.toika.com\/\" target=\"_blank\" rel=\"noopener\">Toikka<\/a>&nbsp;&#8211; Tarvikeet<\/p>\n<p>&nbsp;<\/p>\n<p>&nbsp;<\/p>\n","protected":false},"excerpt":{"rendered":"<p>Nikkarin kutomon toiminta k\u00e4ynnistyi vuoden 2011 alussa. K\u00e4yt\u00f6ss\u00e4 on nyt 7 kangaspuut. Kangaspuiden leveydet vaihtelevat 250 cm &#8211; 150 cm.&nbsp; Leveimm\u00e4t puut on ns. rautapuut , joilla voi kutoa my\u00f6s yksin. Perinteisen maton kudonnan lis\u00e4ksi on mahdollisuus poppanoiden ja liinojen kudontaan. Kutomolta l\u00f6ytyy my\u00f6s luomapuut.&nbsp; Kutomoa voivat varata j\u00e4senet.&nbsp; ( Liity j\u00e4seneksi ) Kutoja saa &hellip; <a href=\"https:\/\/kyminnikkarit.fi\/?page_id=9\" class=\"more-link\">Jatka lukemista<span class=\"screen-reader-text\"> &#8221;Kutomo&#8221;<\/span><\/a><\/p>\n","protected":false},"author":1,"featured_media":2076,"parent":0,"menu_order":3,"comment_status":"open","ping_status":"closed","template":"","meta":{"footnotes":""},"class_list":["post-9","page","type-page","status-publish","has-post-thumbnail","hentry"],"_links":{"self":[{"href":"https:\/\/kyminnikkarit.fi\/index.php?rest_route=\/wp\/v2\/pages\/9","targetHints":{"allow":["GET"]}}],"collection":[{"href":"https:\/\/kyminnikkarit.fi\/index.php?rest_route=\/wp\/v2\/pages"}],"about":[{"href":"https:\/\/kyminnikkarit.fi\/index.php?rest_route=\/wp\/v2\/types\/page"}],"author":[{"embeddable":true,"href":"https:\/\/kyminnikkarit.fi\/index.php?rest_route=\/wp\/v2\/users\/1"}],"replies":[{"embeddable":true,"href":"https:\/\/kyminnikkarit.fi\/index.php?rest_route=%2Fwp%2Fv2%2Fcomments&post=9"}],"version-history":[{"count":55,"href":"https:\/\/kyminnikkarit.fi\/index.php?rest_route=\/wp\/v2\/pages\/9\/revisions"}],"predecessor-version":[{"id":4660,"href":"https:\/\/kyminnikkarit.fi\/index.php?rest_route=\/wp\/v2\/pages\/9\/revisions\/4660"}],"wp:featuredmedia":[{"embeddable":true,"href":"https:\/\/kyminnikkarit.fi\/index.php?rest_route=\/wp\/v2\/media\/2076"}],"wp:attachment":[{"href":"https:\/\/kyminnikkarit.fi\/index.php?rest_route=%2Fwp%2Fv2%2Fmedia&parent=9"}],"curies":[{"name":"wp","href":"https:\/\/api.w.org\/{rel}","templated":true}]}}